{"id":11,"date":"2021-10-18T17:28:00","date_gmt":"2021-10-18T17:28:00","guid":{"rendered":"https:\/\/deltadigitalserver3.online\/?page_id=11"},"modified":"2026-02-06T02:32:52","modified_gmt":"2026-02-06T05:32:52","slug":"sobre-nosotros","status":"publish","type":"page","link":"https:\/\/grupomor.com\/pt\/sobre-nosotros\/","title":{"rendered":"SOBRE N\u00d3S"},"content":{"rendered":"<div data-elementor-type=\"wp-page\" data-elementor-id=\"11\" class=\"elementor elementor-11\" data-elementor-post-type=\"page\">\n\t\t\t\t\t\t<section class=\"elementor-section elementor-top-section elementor-element elementor-element-ed4512f elementor-section-height-min-height elementor-section-boxed elementor-section-height-default elementor-section-items-middle\" data-id=\"ed4512f\" data-element_type=\"section\">\n\t\t\t\t\t\t\t<div class=\"elementor-background-overlay\"><\/div>\n\t\t\t\t\t\t\t<div class=\"elementor-container elementor-column-gap-default\">\n\t\t\t\t\t<div class=\"elementor-column elementor-col-100 elementor-top-column elementor-element elementor-element-aad86f0\" data-id=\"aad86f0\" data-element_type=\"column\">\n\t\t\t<div class=\"elementor-widget-wrap elementor-element-populated\">\n\t\t\t\t\t\t<div class=\"elementor-element elementor-element-eb54b47 elementor-widget elementor-widget-shortcode\" data-id=\"eb54b47\" data-element_type=\"widget\" data-widget_type=\"shortcode.default\">\n\t\t\t\t<div class=\"elementor-widget-container\">\n\t\t\t\t\t\t\t<div class=\"elementor-shortcode\"><\/div>\n\t\t\t\t\t\t<\/div>\n\t\t\t\t<\/div>\n\t\t\t\t\t<\/div>\n\t\t<\/div>\n\t\t\t\t\t<\/div>\n\t\t<\/section>\n\t\t\t\t<section class=\"elementor-section elementor-top-section elementor-element elementor-element-a89da3e elementor-section-boxed elementor-section-height-default elementor-section-height-default\" data-id=\"a89da3e\" data-element_type=\"section\" data-settings=\"{&quot;background_background&quot;:&quot;classic&quot;}\">\n\t\t\t\t\t\t<div class=\"elementor-container elementor-column-gap-default\">\n\t\t\t\t\t<div class=\"elementor-column elementor-col-100 elementor-top-column elementor-element elementor-element-5a3aa0f\" data-id=\"5a3aa0f\" data-element_type=\"column\">\n\t\t\t<div class=\"elementor-widget-wrap elementor-element-populated\">\n\t\t\t\t\t\t<div class=\"elementor-element elementor-element-c45fa5e elementor-invisible elementor-widget elementor-widget-text-editor\" data-id=\"c45fa5e\" data-element_type=\"widget\" data-settings=\"{&quot;_animation&quot;:&quot;fadeIn&quot;}\" data-widget_type=\"text-editor.default\">\n\t\t\t\t<div class=\"elementor-widget-container\">\n\t\t\t\t\t\t\t\t\tComo surgiu a empresa?\t\t\t\t\t\t\t\t<\/div>\n\t\t\t\t<\/div>\n\t\t\t\t<div class=\"elementor-element elementor-element-6a032c7 justify-content elementor-widget elementor-widget-text-editor\" data-id=\"6a032c7\" data-element_type=\"widget\" data-widget_type=\"text-editor.default\">\n\t\t\t\t<div class=\"elementor-widget-container\">\n\t\t\t\t\t\t\t\t\t<p>H\u00e1 aproximadamente 25 anos, foi conseguida a primeira representa\u00e7\u00e3o de uma marca internacional no Chile e, com isso, a primeira importa\u00e7\u00e3o de produtos para peixes. A marca foi Tetra, da Alemanha, que at\u00e9 hoje seguimos representando e acompanhando.<\/p><p>Com o passar dos anos, a fam\u00edlia passou a integrar o neg\u00f3cio. Com isso, come\u00e7aram as mudan\u00e7as: novas marcas foram incorporadas, n\u00e3o apenas no segmento de peixes, mas tamb\u00e9m no de alimentos e acess\u00f3rios para pets. Assim, decidiu-se buscar um nome que abrangesse todas as marcas representadas, deixando de focar em apenas uma \u00e1rea.<\/p><p>Ap\u00f3s um brainstorming, chegou-se \u00e0 conclus\u00e3o de renomear a empresa como Grupo MOR, nome que hoje sustenta o AQUAMUNDO e todas as demais representa\u00e7\u00f5es. <br><br>\n\nVale destacar que o \u201cMO\u201d de Grupo MOR refere-se aos sobrenomes das fam\u00edlias Mora e Moya, enquanto o \u201cR\u201d representa o primeiro sobrenome do fundador. A sigla \u201cMOR\u201d significa \u201cMarcas Orientadas \u00e0 Responsabilidade\u201d, tanto animal quanto social.<\/p>\t\t\t\t\t\t\t\t<\/div>\n\t\t\t\t<\/div>\n\t\t\t\t\t<\/div>\n\t\t<\/div>\n\t\t\t\t\t<\/div>\n\t\t<\/section>\n\t\t\t\t<section class=\"elementor-section elementor-top-section elementor-element elementor-element-de53447 elementor-section-boxed elementor-section-height-default elementor-section-height-default\" data-id=\"de53447\" data-element_type=\"section\" data-settings=\"{&quot;background_background&quot;:&quot;classic&quot;}\">\n\t\t\t\t\t\t<div class=\"elementor-container elementor-column-gap-default\">\n\t\t\t\t\t<div class=\"elementor-column elementor-col-100 elementor-top-column elementor-element elementor-element-8d92f79\" data-id=\"8d92f79\" data-element_type=\"column\">\n\t\t\t<div class=\"elementor-widget-wrap elementor-element-populated\">\n\t\t\t\t\t\t<div class=\"elementor-element elementor-element-3f13901 elementor-widget elementor-widget-image\" data-id=\"3f13901\" data-element_type=\"widget\" data-widget_type=\"image.default\">\n\t\t\t\t<div class=\"elementor-widget-container\">\n\t\t\t\t\t\t\t\t\t\t\t\t\t\t\t<img fetchpriority=\"high\" decoding=\"async\" width=\"800\" height=\"361\" src=\"https:\/\/grupomor.com\/wp-content\/uploads\/2026\/02\/linea_tiempo-1024x462.png\" class=\"attachment-large size-large wp-image-17375\" alt=\"\" srcset=\"https:\/\/grupomor.com\/wp-content\/uploads\/2026\/02\/linea_tiempo-1024x462.png 1024w, https:\/\/grupomor.com\/wp-content\/uploads\/2026\/02\/linea_tiempo-300x135.png 300w, https:\/\/grupomor.com\/wp-content\/uploads\/2026\/02\/linea_tiempo-768x346.png 768w, https:\/\/grupomor.com\/wp-content\/uploads\/2026\/02\/linea_tiempo-1536x693.png 1536w, https:\/\/grupomor.com\/wp-content\/uploads\/2026\/02\/linea_tiempo-18x8.png 18w, https:\/\/grupomor.com\/wp-content\/uploads\/2026\/02\/linea_tiempo.png 1796w\" sizes=\"(max-width: 800px) 100vw, 800px\" \/>\t\t\t\t\t\t\t\t\t\t\t\t\t\t\t<\/div>\n\t\t\t\t<\/div>\n\t\t\t\t\t<\/div>\n\t\t<\/div>\n\t\t\t\t\t<\/div>\n\t\t<\/section>\n\t\t\t\t<section class=\"elementor-section elementor-top-section elementor-element elementor-element-a77d8e9 elementor-section-boxed elementor-section-height-default elementor-section-height-default\" data-id=\"a77d8e9\" data-element_type=\"section\" data-settings=\"{&quot;background_background&quot;:&quot;classic&quot;}\">\n\t\t\t\t\t\t<div class=\"elementor-container elementor-column-gap-default\">\n\t\t\t\t\t<div class=\"elementor-column elementor-col-50 elementor-top-column elementor-element elementor-element-afa486e\" data-id=\"afa486e\" data-element_type=\"column\">\n\t\t\t<div class=\"elementor-widget-wrap elementor-element-populated\">\n\t\t\t\t\t\t<div class=\"elementor-element elementor-element-15329fb elementor-widget elementor-widget-pix-sliding-text\" data-id=\"15329fb\" data-element_type=\"widget\" data-widget_type=\"pix-sliding-text.default\">\n\t\t\t\t<div class=\"elementor-widget-container\">\n\t\t\t\t\t<div id=\"el-15329fb\" class=\"mb-3 text-left\"><h2 class=\"mb-32 pix-sliding-headline-2 animate-in font-weight-bold secondary-font\" data-anim-type=\"pix-sliding-text\" pix-anim-delay=\"500\" data-class=\"secondary-font text-gray-6\" style=\"\"><span class=\"slide-in-container\"><span class=\"pix-sliding-item secondary-font text-gray-6\" style=\"transition-delay: 0ms;\">Nosso<\/span><\/span> <span class=\"slide-in-container\"><span class=\"pix-sliding-item secondary-font text-gray-6\" style=\"transition-delay: 150ms;\">prop\u00f3sito<\/span><\/span> <\/h2><\/div>\t\t\t\t<\/div>\n\t\t\t\t<\/div>\n\t\t\t\t<div class=\"elementor-element elementor-element-9aabce5 justify-content elementor-widget elementor-widget-text-editor\" data-id=\"9aabce5\" data-element_type=\"widget\" data-widget_type=\"text-editor.default\">\n\t\t\t\t<div class=\"elementor-widget-container\">\n\t\t\t\t\t\t\t\t\t<p>Queremos estar presentes em cada lar com pets, oferecendo uma solu\u00e7\u00e3o real para tutores, fam\u00edlias e animais. Sempre acompanhando com as melhores marcas.<\/p>\t\t\t\t\t\t\t\t<\/div>\n\t\t\t\t<\/div>\n\t\t\t\t\t<\/div>\n\t\t<\/div>\n\t\t\t\t<div class=\"elementor-column elementor-col-50 elementor-top-column elementor-element elementor-element-da980bf\" data-id=\"da980bf\" data-element_type=\"column\">\n\t\t\t<div class=\"elementor-widget-wrap elementor-element-populated\">\n\t\t\t\t\t\t<div class=\"elementor-element elementor-element-3d3fa39 elementor-widget elementor-widget-pix-sliding-text\" data-id=\"3d3fa39\" data-element_type=\"widget\" data-widget_type=\"pix-sliding-text.default\">\n\t\t\t\t<div class=\"elementor-widget-container\">\n\t\t\t\t\t<div id=\"el-3d3fa39\" class=\"mb-3 text-left\"><h2 class=\"mb-32 pix-sliding-headline-2 animate-in font-weight-bold secondary-font\" data-anim-type=\"pix-sliding-text\" pix-anim-delay=\"500\" data-class=\"secondary-font text-gray-6\" style=\"\"><span class=\"slide-in-container\"><span class=\"pix-sliding-item secondary-font text-gray-6\" style=\"transition-delay: 0ms;\">Como<\/span><\/span> <span class=\"slide-in-container\"><span class=\"pix-sliding-item secondary-font text-gray-6\" style=\"transition-delay: 150ms;\">lo&#32;<\/span><\/span> <span class=\"slide-in-container\"><span class=\"pix-sliding-item secondary-font text-gray-6\" style=\"transition-delay: 300ms;\">fazemos isso?<\/span><\/span> <\/h2><\/div>\t\t\t\t<\/div>\n\t\t\t\t<\/div>\n\t\t\t\t<div class=\"elementor-element elementor-element-b00632f justify-content elementor-widget elementor-widget-text-editor\" data-id=\"b00632f\" data-element_type=\"widget\" data-widget_type=\"text-editor.default\">\n\t\t\t\t<div class=\"elementor-widget-container\">\n\t\t\t\t\t\t\t\t\t<p>Somos apaixonados por animais e buscamos sempre o melhor deles e das pessoas. Nossa experi\u00eancia vai al\u00e9m de posicionar um produto na prateleira. Geramos valores \u00e9ticos e profissionais que ajudam nossos parceiros a confiar em algo maior do que uma simples rela\u00e7\u00e3o comercial.<\/p>\t\t\t\t\t\t\t\t<\/div>\n\t\t\t\t<\/div>\n\t\t\t\t\t<\/div>\n\t\t<\/div>\n\t\t\t\t\t<\/div>\n\t\t<\/section>\n\t\t\t\t<section class=\"elementor-section elementor-top-section elementor-element elementor-element-9c0c171 elementor-section-boxed elementor-section-height-default elementor-section-height-default\" data-id=\"9c0c171\" data-element_type=\"section\" data-settings=\"{&quot;background_background&quot;:&quot;classic&quot;}\">\n\t\t\t\t\t\t<div class=\"elementor-container elementor-column-gap-default\">\n\t\t\t\t\t<div class=\"elementor-column elementor-col-100 elementor-top-column elementor-element elementor-element-f25acd4\" data-id=\"f25acd4\" data-element_type=\"column\">\n\t\t\t<div class=\"elementor-widget-wrap elementor-element-populated\">\n\t\t\t\t\t\t<div class=\"elementor-element elementor-element-e50fe30 elementor-invisible elementor-widget elementor-widget-text-editor\" data-id=\"e50fe30\" data-element_type=\"widget\" data-settings=\"{&quot;_animation&quot;:&quot;fadeIn&quot;}\" data-widget_type=\"text-editor.default\">\n\t\t\t\t<div class=\"elementor-widget-container\">\n\t\t\t\t\t\t\t\t\t<p>Nossa hist\u00f3ria<\/p>\t\t\t\t\t\t\t\t<\/div>\n\t\t\t\t<\/div>\n\t\t\t\t\t<\/div>\n\t\t<\/div>\n\t\t\t\t\t<\/div>\n\t\t<\/section>\n\t\t\t\t<section class=\"elementor-section elementor-top-section elementor-element elementor-element-99def9b elementor-section-stretched elementor-section-boxed elementor-section-height-default elementor-section-height-default\" data-id=\"99def9b\" data-element_type=\"section\" data-settings=\"{&quot;stretch_section&quot;:&quot;section-stretched&quot;,&quot;background_background&quot;:&quot;classic&quot;}\">\n\t\t\t\t\t\t<div class=\"elementor-container elementor-column-gap-default\">\n\t\t\t\t\t<div class=\"elementor-column elementor-col-100 elementor-top-column elementor-element elementor-element-d5115d6\" data-id=\"d5115d6\" data-element_type=\"column\">\n\t\t\t<div class=\"elementor-widget-wrap elementor-element-populated\">\n\t\t\t\t\t\t<div class=\"elementor-element elementor-element-f43b69d justify-content elementor-widget elementor-widget-shortcode\" data-id=\"f43b69d\" data-element_type=\"widget\" data-widget_type=\"shortcode.default\">\n\t\t\t\t<div class=\"elementor-widget-container\">\n\t\t\t\t\t\t\t<div class=\"elementor-shortcode\"><\/div>\n\t\t\t\t\t\t<\/div>\n\t\t\t\t<\/div>\n\t\t\t\t\t<\/div>\n\t\t<\/div>\n\t\t\t\t\t<\/div>\n\t\t<\/section>\n\t\t\t\t<\/div>","protected":false},"excerpt":{"rendered":"<p>\u00bfC\u00f3mo surgi\u00f3 la empresa? AQUAMUNDO, antes llamada Acuarios Mario Mora, llevaba el nombre del fundador de la empresa, quien inici\u00f3 con el negocio desde cero, hace m\u00e1s de 40 a\u00f1os. Y aunque en sus inicios se destacaron por la fabricaci\u00f3n&#8230;<\/p>","protected":false},"author":3,"featured_media":0,"parent":0,"menu_order":0,"comment_status":"closed","ping_status":"closed","template":"","meta":{"_monsterinsights_skip_tracking":false,"_monsterinsights_sitenote_active":false,"_monsterinsights_sitenote_note":"","_monsterinsights_sitenote_category":0,"_uf_show_specific_survey":0,"_uf_disable_surveys":false,"footnotes":""},"class_list":["post-11","page","type-page","status-publish","hentry"],"aioseo_notices":[],"yoast_head":"<!-- This site is optimized with the Yoast SEO plugin v26.0 - https:\/\/yoast.com\/wordpress\/plugins\/seo\/ -->\n<title>Nosotros - Grupo MOR<\/title>\n<meta name=\"robots\" content=\"index, follow, max-snippet:-1, max-image-preview:large, max-video-preview:-1\" \/>\n<link rel=\"canonical\" href=\"https:\/\/grupomor.com\/pt\/sobre-nosotros\/\" \/>\n<meta property=\"og:locale\" content=\"pt_BR\" \/>\n<meta property=\"og:type\" content=\"article\" \/>\n<meta property=\"og:title\" content=\"Nosotros - Grupo MOR\" \/>\n<meta property=\"og:description\" content=\"\u00bfC\u00f3mo surgi\u00f3 la empresa? AQUAMUNDO, antes llamada Acuarios Mario Mora, llevaba el nombre del fundador de la empresa, quien inici\u00f3 con el negocio desde cero, hace m\u00e1s de 40 a\u00f1os. Y aunque en sus inicios se destacaron por la fabricaci\u00f3n...\" \/>\n<meta property=\"og:url\" content=\"https:\/\/grupomor.com\/pt\/sobre-nosotros\/\" \/>\n<meta property=\"og:site_name\" content=\"Grupo MOR\" \/>\n<meta property=\"article:modified_time\" content=\"2026-02-06T05:32:52+00:00\" \/>\n<meta property=\"og:image\" content=\"https:\/\/grupomor.com\/wp-content\/uploads\/2026\/02\/linea_tiempo-1024x462.png\" \/>\n<meta name=\"twitter:card\" content=\"summary_large_image\" \/>\n<meta name=\"twitter:label1\" content=\"Est. tempo de leitura\" \/>\n\t<meta name=\"twitter:data1\" content=\"2 minutos\" \/>\n<script type=\"application\/ld+json\" class=\"yoast-schema-graph\">{\"@context\":\"https:\/\/schema.org\",\"@graph\":[{\"@type\":\"WebPage\",\"@id\":\"https:\/\/grupomor.com\/en\/sobre-nosotros\/\",\"url\":\"https:\/\/grupomor.com\/en\/sobre-nosotros\/\",\"name\":\"Nosotros - Grupo MOR\",\"isPartOf\":{\"@id\":\"https:\/\/grupomor.com\/#website\"},\"primaryImageOfPage\":{\"@id\":\"https:\/\/grupomor.com\/en\/sobre-nosotros\/#primaryimage\"},\"image\":{\"@id\":\"https:\/\/grupomor.com\/en\/sobre-nosotros\/#primaryimage\"},\"thumbnailUrl\":\"https:\/\/grupomor.com\/wp-content\/uploads\/2026\/02\/linea_tiempo-1024x462.png\",\"datePublished\":\"2021-10-18T17:28:00+00:00\",\"dateModified\":\"2026-02-06T05:32:52+00:00\",\"breadcrumb\":{\"@id\":\"https:\/\/grupomor.com\/en\/sobre-nosotros\/#breadcrumb\"},\"inLanguage\":\"pt-BR\",\"potentialAction\":[{\"@type\":\"ReadAction\",\"target\":[\"https:\/\/grupomor.com\/en\/sobre-nosotros\/\"]}]},{\"@type\":\"ImageObject\",\"inLanguage\":\"pt-BR\",\"@id\":\"https:\/\/grupomor.com\/en\/sobre-nosotros\/#primaryimage\",\"url\":\"https:\/\/grupomor.com\/wp-content\/uploads\/2026\/02\/linea_tiempo-1024x462.png\",\"contentUrl\":\"https:\/\/grupomor.com\/wp-content\/uploads\/2026\/02\/linea_tiempo-1024x462.png\"},{\"@type\":\"BreadcrumbList\",\"@id\":\"https:\/\/grupomor.com\/en\/sobre-nosotros\/#breadcrumb\",\"itemListElement\":[{\"@type\":\"ListItem\",\"position\":1,\"name\":\"Portada\",\"item\":\"https:\/\/grupomor.com\/\"},{\"@type\":\"ListItem\",\"position\":2,\"name\":\"Nosotros\"}]},{\"@type\":\"WebSite\",\"@id\":\"https:\/\/grupomor.com\/#website\",\"url\":\"https:\/\/grupomor.com\/\",\"name\":\"Grupo MOR\",\"description\":\"Corporativo\",\"publisher\":{\"@id\":\"https:\/\/grupomor.com\/#organization\"},\"potentialAction\":[{\"@type\":\"SearchAction\",\"target\":{\"@type\":\"EntryPoint\",\"urlTemplate\":\"https:\/\/grupomor.com\/?s={search_term_string}\"},\"query-input\":{\"@type\":\"PropertyValueSpecification\",\"valueRequired\":true,\"valueName\":\"search_term_string\"}}],\"inLanguage\":\"pt-BR\"},{\"@type\":\"Organization\",\"@id\":\"https:\/\/grupomor.com\/#organization\",\"name\":\"Grupo MOR\",\"url\":\"https:\/\/grupomor.com\/\",\"logo\":{\"@type\":\"ImageObject\",\"inLanguage\":\"pt-BR\",\"@id\":\"https:\/\/grupomor.com\/#\/schema\/logo\/image\/\",\"url\":\"https:\/\/grupomor.com\/wp-content\/uploads\/2021\/10\/logo-grupomor-white1.png\",\"contentUrl\":\"https:\/\/grupomor.com\/wp-content\/uploads\/2021\/10\/logo-grupomor-white1.png\",\"width\":820,\"height\":355,\"caption\":\"Grupo MOR\"},\"image\":{\"@id\":\"https:\/\/grupomor.com\/#\/schema\/logo\/image\/\"}}]}<\/script>\n<!-- \/ Yoast SEO plugin. -->","yoast_head_json":{"title":"Nosotros - Grupo MOR","robots":{"index":"index","follow":"follow","max-snippet":"max-snippet:-1","max-image-preview":"max-image-preview:large","max-video-preview":"max-video-preview:-1"},"canonical":"https:\/\/grupomor.com\/pt\/sobre-nosotros\/","og_locale":"pt_BR","og_type":"article","og_title":"Nosotros - Grupo MOR","og_description":"\u00bfC\u00f3mo surgi\u00f3 la empresa? AQUAMUNDO, antes llamada Acuarios Mario Mora, llevaba el nombre del fundador de la empresa, quien inici\u00f3 con el negocio desde cero, hace m\u00e1s de 40 a\u00f1os. Y aunque en sus inicios se destacaron por la fabricaci\u00f3n...","og_url":"https:\/\/grupomor.com\/pt\/sobre-nosotros\/","og_site_name":"Grupo MOR","article_modified_time":"2026-02-06T05:32:52+00:00","og_image":[{"url":"https:\/\/grupomor.com\/wp-content\/uploads\/2026\/02\/linea_tiempo-1024x462.png","type":"","width":"","height":""}],"twitter_card":"summary_large_image","twitter_misc":{"Est. tempo de leitura":"2 minutos"},"schema":{"@context":"https:\/\/schema.org","@graph":[{"@type":"WebPage","@id":"https:\/\/grupomor.com\/en\/sobre-nosotros\/","url":"https:\/\/grupomor.com\/en\/sobre-nosotros\/","name":"Nosotros - Grupo MOR","isPartOf":{"@id":"https:\/\/grupomor.com\/#website"},"primaryImageOfPage":{"@id":"https:\/\/grupomor.com\/en\/sobre-nosotros\/#primaryimage"},"image":{"@id":"https:\/\/grupomor.com\/en\/sobre-nosotros\/#primaryimage"},"thumbnailUrl":"https:\/\/grupomor.com\/wp-content\/uploads\/2026\/02\/linea_tiempo-1024x462.png","datePublished":"2021-10-18T17:28:00+00:00","dateModified":"2026-02-06T05:32:52+00:00","breadcrumb":{"@id":"https:\/\/grupomor.com\/en\/sobre-nosotros\/#breadcrumb"},"inLanguage":"pt-BR","potentialAction":[{"@type":"ReadAction","target":["https:\/\/grupomor.com\/en\/sobre-nosotros\/"]}]},{"@type":"ImageObject","inLanguage":"pt-BR","@id":"https:\/\/grupomor.com\/en\/sobre-nosotros\/#primaryimage","url":"https:\/\/grupomor.com\/wp-content\/uploads\/2026\/02\/linea_tiempo-1024x462.png","contentUrl":"https:\/\/grupomor.com\/wp-content\/uploads\/2026\/02\/linea_tiempo-1024x462.png"},{"@type":"BreadcrumbList","@id":"https:\/\/grupomor.com\/en\/sobre-nosotros\/#breadcrumb","itemListElement":[{"@type":"ListItem","position":1,"name":"Portada","item":"https:\/\/grupomor.com\/"},{"@type":"ListItem","position":2,"name":"Nosotros"}]},{"@type":"WebSite","@id":"https:\/\/grupomor.com\/#website","url":"https:\/\/grupomor.com\/","name":"Grupo MOR","description":"Corporativo","publisher":{"@id":"https:\/\/grupomor.com\/#organization"},"potentialAction":[{"@type":"SearchAction","target":{"@type":"EntryPoint","urlTemplate":"https:\/\/grupomor.com\/?s={search_term_string}"},"query-input":{"@type":"PropertyValueSpecification","valueRequired":true,"valueName":"search_term_string"}}],"inLanguage":"pt-BR"},{"@type":"Organization","@id":"https:\/\/grupomor.com\/#organization","name":"Grupo MOR","url":"https:\/\/grupomor.com\/","logo":{"@type":"ImageObject","inLanguage":"pt-BR","@id":"https:\/\/grupomor.com\/#\/schema\/logo\/image\/","url":"https:\/\/grupomor.com\/wp-content\/uploads\/2021\/10\/logo-grupomor-white1.png","contentUrl":"https:\/\/grupomor.com\/wp-content\/uploads\/2021\/10\/logo-grupomor-white1.png","width":820,"height":355,"caption":"Grupo MOR"},"image":{"@id":"https:\/\/grupomor.com\/#\/schema\/logo\/image\/"}}]}},"_links":{"self":[{"href":"https:\/\/grupomor.com\/pt\/wp-json\/wp\/v2\/pages\/11","targetHints":{"allow":["GET"]}}],"collection":[{"href":"https:\/\/grupomor.com\/pt\/wp-json\/wp\/v2\/pages"}],"about":[{"href":"https:\/\/grupomor.com\/pt\/wp-json\/wp\/v2\/types\/page"}],"author":[{"embeddable":true,"href":"https:\/\/grupomor.com\/pt\/wp-json\/wp\/v2\/users\/3"}],"replies":[{"embeddable":true,"href":"https:\/\/grupomor.com\/pt\/wp-json\/wp\/v2\/comments?post=11"}],"version-history":[{"count":352,"href":"https:\/\/grupomor.com\/pt\/wp-json\/wp\/v2\/pages\/11\/revisions"}],"predecessor-version":[{"id":17381,"href":"https:\/\/grupomor.com\/pt\/wp-json\/wp\/v2\/pages\/11\/revisions\/17381"}],"wp:attachment":[{"href":"https:\/\/grupomor.com\/pt\/wp-json\/wp\/v2\/media?parent=11"}],"curies":[{"name":"wp","href":"https:\/\/api.w.org\/{rel}","templated":true}]}}